{"id":698,"date":"2018-08-31T15:20:41","date_gmt":"2018-08-31T13:20:41","guid":{"rendered":"https:\/\/ninalaguerrera.org\/?page_id=698"},"modified":"2018-08-31T15:20:41","modified_gmt":"2018-08-31T13:20:41","slug":"la-glycogenose","status":"publish","type":"page","link":"https:\/\/ninalaguerrera.org\/fr\/la-glycogenose\/","title":{"rendered":"La Glycog\u00e9nose"},"content":{"rendered":"<h2>Introduction<\/h2>\n<p style=\"text-align: justify;\"><span style=\"font-weight: 400;\">Je vais vous expliquer la maladie avec des mots de b\u00e9b\u00e9. Sinon, il n&rsquo;y a personne qui la comprenne\u00a0 \ud83d\ude42 <\/span><\/p>\n<p style=\"text-align: justify;\"><span style=\"font-weight: 400;\">L&rsquo;une des premi\u00e8res choses que j&rsquo;ai lu au sujet de la glycog\u00e9nose est qu&rsquo;il s&rsquo;agit d&rsquo;une maladie h\u00e9r\u00e9ditaire autosomique r\u00e9cessive. Je me demandais: C&rsquo;est quoi \u00e7a? Je pensais que je ne comprenais pas parce que j&rsquo;\u00e9tais un b\u00e9b\u00e9, mais je me suis rendu compte que les adultes ne savaient pas non plus de quoi il s&rsquo;agissait. Alors, comme je vous disais, je vais essayer de tout expliquer tr\u00e8s simplement et pour ceux d&rsquo;entre vous qui veulent des informations plus d\u00e9taill\u00e9es, veuillez utiliser les liens ci-dessous pour visiter d&rsquo;autres sites Web.<\/span><\/p>\n<p style=\"text-align: justify;\"><span style=\"font-weight: 400;\">En pratique, cela signifie que mes parents sont n\u00e9s porteurs de la glycog\u00e9nose 1b parce qu&rsquo;ils ont une petite mutation dans un g\u00e8ne qu&rsquo;ils ont probablement re\u00e7u de mes grands-parents. Ils sont seulement porteurs parce que le g\u00e8ne mut\u00e9 n&rsquo;est pas un g\u00e8ne dominant mais un g\u00e8ne r\u00e9cessif. Lorsqu&rsquo;il s&rsquo;agit d&rsquo;un g\u00e8ne r\u00e9cessif, il est n\u00e9cessaire de trouver deux g\u00e8nes r\u00e9cessifs\u00a0au m\u00eame temps pour que la maladie se manifeste, alors que mes parents n&rsquo;en ont qu&rsquo;un chacun. Heureusement qu&rsquo;ils s&rsquo;en sont d\u00e9barrass\u00e9s!<\/span><\/p>\n<p style=\"text-align: justify;\"><span style=\"font-weight: 400;\">Dans mon cas, ma m\u00e8re et mon p\u00e8re m&rsquo;ont transmis leurs g\u00e8nes r\u00e9cessifs avec la mutation, alors je me suis r\u00e9uni avec eux deux et c&rsquo;est pourquoi j&rsquo;ai la glycog\u00e9nose de type 1b.<\/span><\/p>\n<p style=\"text-align: justify;\"><span style=\"font-weight: 400;\">Comme vous savez, la glycog\u00e9nose est une maladie tr\u00e8s rare. Ces mutations dans les g\u00e8nes ne sont pas courantes. Que deux personnes qui ont la mutation se rencontrent est aussi une tr\u00e8s grande co\u00efncidence. De plus, si ce couple de porteurs d\u00e9cide d&rsquo;avoir des enfants, seulement un sur quatre aura de la glycog\u00e9nose, deux seront des porteurs sains l\u2019avoir, et un sera en parfaite sant\u00e9 sans \u00eatre porteur.<\/span><\/p>\n<p style=\"text-align: justify;\"><span style=\"font-weight: 400;\">Par cons\u00e9quent, on estime qu&rsquo;un seul b\u00e9b\u00e9 sur 100 000 na\u00eet avec la glycog\u00e9nose. De plus, mon type de glycog\u00e9nose (il y en a 14 !, le mien est 1b) est l&rsquo;un des plus rares et donc encore moins probable. Il est plus facile pour vous de gagner le Jackpot de la Loterie de No\u00ebl que pour vous de gagner ce type de glycog\u00e9nose. Une goutte d&rsquo;eau dans une carafe de 5 litres, un cheveu parmi tous ceux que tu as dans la t\u00eate, un mot dans un livre de 300 pages. Ce sont des exemples d&rsquo;un sur cent mille.<\/span><\/p>\n<p style=\"text-align: justify;\"><span style=\"font-weight: 400;\">Comme il s&rsquo;agit d&rsquo;une maladie si rare et improbable, le diagnostic n&rsquo;est pas facile. J&rsquo;ai \u00e9t\u00e9 \u00e0 l&rsquo;h\u00f4pital une fois en Italie et trois fois en Espagne jusqu&rsquo;\u00e0 conna\u00eetre la maladie, apr\u00e8s de nombreux tests. Les sympt\u00f4mes typiques comprennent : foie gonfl\u00e9, glyc\u00e9mie tr\u00e8s basse, syst\u00e8me immunitaire affect\u00e9, acide lactique \u00e9lev\u00e9, croissance retard\u00e9e, etc.<\/span><\/p>\n<p style=\"text-align: justify;\"><span style=\"font-weight: 400;\">Il y a aussi un sympt\u00f4me typique chez les b\u00e9b\u00e9s filles. On dit que nous avons un \u00ab\u00a0visage de poup\u00e9e\u00a0\u00bb. Comme le docteur qui a d\u00e9couvert la glycog\u00e9nose\u00a0s&rsquo;appelait Edgar Von Gierke, une personne a voulu m&rsquo;appeler la poup\u00e9e de Von Gierke.<\/span><\/p>\n<p><span style=\"font-weight: 400;\">Je suis tr\u00e8s jolie, mais je ne suis pas une poup\u00e9e. Je suis une guerri\u00e8re!<\/span><\/p>\n<p><span style=\"font-weight: 400;\"><em>La guerri\u00e8re de Von Gierke.<\/em> <\/span><\/p>\n<h2>En quoi consiste la glycog\u00e9nose?<\/h2>\n<p style=\"text-align: justify;\"><span style=\"font-weight: 400;\">La mutation dont je parlais rend mon corps incapable de convertir le glycog\u00e8ne en glucose, que, comme vous savez, est une substance tr\u00e8s importante que nous donne de l&rsquo;\u00e9nergie pour vivre.<\/span><\/p>\n<p style=\"text-align: justify;\"><span style=\"font-weight: 400;\">Un b\u00e9b\u00e9 sans glucose pendant plusieurs heures peut mourir. M\u00eame si le b\u00e9b\u00e9 est sauv\u00e9, s&rsquo;il a\u00a0un \u00e9pisode tr\u00e8s grave et continu d&rsquo;hypoglyc\u00e9mie, cela peut affecter son cerveau. Tout cela est arriv\u00e9 \u00e0 beaucoup de b\u00e9b\u00e9s comme moi dont les parents n&rsquo;ont pas eu la chance de savoir \u00e0 temps ce qui arrivait \u00e0 leurs enfants ou \u00e0 d&rsquo;autres parents qui, m\u00eame s&rsquo;ils le savaient,\u00a0ont eu\u00a0un oubli avec un r\u00e9sultat fatal (une sonde qui \u00e9tait bloqu\u00e9e, un appareil qui s&rsquo;est arr\u00eat\u00e9 de fonctionner, une alarme qui ne s&rsquo;est pas d\u00e9clench\u00e9e ou quelqu&rsquo;un qui s&rsquo;est endormi&#8230;. etc..).<\/span><\/p>\n<p style=\"text-align: justify;\"><span style=\"font-weight: 400;\">Comme vous pouvez l&rsquo;imaginer, cela\u00a0veut dire\u00a0que nous devons surveiller ma glyc\u00e9mie constamment, tout au long de ma vie. Cela signifie, par exemple, que ni moi ni mes parents ne dormiront une nuit sans interruption dans ce qui nous reste \u00e0 vivre et que je ne pourrai probablement pas faire du sport ou des activit\u00e9s tr\u00e8s intenses.<\/span><\/p>\n<p>La meilleur fa\u00e7on d\u2019avoir de bons niveaux est \u00e0 travers de l\u2019alimentation mais cela je vous l\u2019explique dans la section \u00ab\u00a0La surveillance et le traitement\u00a0\u00bb\u00a0 car je suis tr\u00e8s ordonn\u00e9e\u00a0\ud83d\ude42<\/p>\n<p style=\"text-align: justify;\"><span style=\"font-weight: 400;\">Ce que je peux vous dire, c&rsquo;est qu&rsquo;il s&rsquo;agit d&rsquo;un r\u00e9gime tr\u00e8s strict et que je ne pourrai jamais manger des choses avec du sucre ou des aliments aussi riches que des fruits. D&rsquo;ailleurs, nous n&rsquo;avons g\u00e9n\u00e9ralement pas beaucoup d&rsquo;app\u00e9tit, bien que j&rsquo;esp\u00e8re sinc\u00e8rement l&rsquo;avoir parce que ma famille aime bien la bonne cuisine. <\/span><\/p>\n<p style=\"text-align: justify;\"><span style=\"font-weight: 400;\">Comme le glycog\u00e8ne ne peut pas \u00eatre converti en glucose, il n&rsquo;est pas consomm\u00e9 et s&rsquo;accumule dans le foie.\u00a0\u00c0 long terme, \u00e7a peut entra\u00eener des carcinomes et d&rsquo;autres probl\u00e8mes qui, lorsque je grandis, peuvent m&rsquo;amener parfois \u00e0 subir une intervention chirurgicale.<\/span><\/p>\n<p style=\"text-align: justify;\"><span style=\"font-weight: 400;\">En dehors de tout cela, mon type de glycog\u00e9nose, 1b, est accompagn\u00e9 de neutrop\u00e9nie: une condition\u00a0pour laquelle mes d\u00e9fenses (mon syst\u00e8me immunitaire) ne fonctionnent pas correctement. Mon nombre de neutrophiles est faible et ils ne font pas tr\u00e8s bien leur travail, alors je suis tr\u00e8s expos\u00e9e \u00e0 des infections. Dans la pratique, cela signifie que la plupart d&rsquo;entre nous ne vont pas \u00e0 la cr\u00e8che pour \u00e9viter les risques et qu&rsquo;il est parfois difficile de trouver une \u00e9cole o\u00f9 ils veulent nous accepter et collaborer avec nous.<\/span><\/p>\n<p style=\"text-align: justify;\"><span style=\"font-weight: 400;\">Les infections les plus courantes causent une inflammation intestinale tr\u00e8s d\u00e9plaisante. Puisque la nourriture est mon traitement principal, si j&rsquo;ai une inflammation de l&rsquo;intestin ou une gastro-ent\u00e9rite, la digestion et l&rsquo;absorption de la nourriture n&rsquo;est pas aussi bonne et je peux entrer dans l&rsquo;hypoglyc\u00e9mie encore plus rapidement, surtout si j&rsquo;ai des vomissements ou de la diarrh\u00e9e. Ces \u00e9pisodes sont tr\u00e8s risqu\u00e9s et j&rsquo;ai d\u00e9j\u00e0 d\u00fb aller aux urgences \u00e0 plus d&rsquo;une reprise.<\/span><\/p>\n<p style=\"text-align: justify;\"><span style=\"font-weight: 400;\">\u201cQuel panorama!\u00a0\u00bbEh bien, oui, vous avez raison, c&rsquo;est une maladie tr\u00e8s mauvaise et compliqu\u00e9e, mais ne d\u00e9sesp\u00e9rez pas, car dans la section suivante, je vais vous expliquer comment rendre tout cela un peu moins difficile.<\/span><\/p>\n<h2>Liens pour en savoir plus sur la maladie<\/h2>\n<ul>\n<li><a href=\"http:\/\/www.glycogenoses.org\/\" target=\"_blank\" rel=\"noopener\">L&rsquo;Association Francophone des Glycog\u00e9noses<\/a><\/li>\n<li><a href=\"http:\/\/www.glycogenoses.org\/les-glycogenoses\/type-i-maladie-von-gierke\/publications-medicales\/type-ib\/\" target=\"_blank\" rel=\"noopener\">L&rsquo;AFG- La glycog\u00e9nose de type Ib<\/a><\/li>\n<\/ul>\n","protected":false},"excerpt":{"rendered":"<p>Introduction Je vais vous expliquer la maladie avec des mots de b\u00e9b\u00e9. Sinon, il n&rsquo;y a personne qui la comprenne\u00a0 \ud83d\ude42 L&rsquo;une des premi\u00e8res choses que j&rsquo;ai lu au sujet de la glycog\u00e9nose est qu&rsquo;il s&rsquo;agit d&rsquo;une maladie h\u00e9r\u00e9ditaire autosomique r\u00e9cessive. Je me demandais: C&rsquo;est quoi \u00e7a? Je pensais que je ne comprenais pas parce [&hellip;]<\/p>\n","protected":false},"author":1,"featured_media":0,"parent":0,"menu_order":2,"comment_status":"closed","ping_status":"closed","template":"","meta":{"jetpack_post_was_ever_published":false,"footnotes":""},"class_list":["post-698","page","type-page","status-publish","hentry"],"jetpack_sharing_enabled":true,"jetpack_shortlink":"https:\/\/wp.me\/Pa1s8Y-bg","_links":{"self":[{"href":"https:\/\/ninalaguerrera.org\/fr\/wp-json\/wp\/v2\/pages\/698","targetHints":{"allow":["GET"]}}],"collection":[{"href":"https:\/\/ninalaguerrera.org\/fr\/wp-json\/wp\/v2\/pages"}],"about":[{"href":"https:\/\/ninalaguerrera.org\/fr\/wp-json\/wp\/v2\/types\/page"}],"author":[{"embeddable":true,"href":"https:\/\/ninalaguerrera.org\/fr\/wp-json\/wp\/v2\/users\/1"}],"replies":[{"embeddable":true,"href":"https:\/\/ninalaguerrera.org\/fr\/wp-json\/wp\/v2\/comments?post=698"}],"version-history":[{"count":4,"href":"https:\/\/ninalaguerrera.org\/fr\/wp-json\/wp\/v2\/pages\/698\/revisions"}],"predecessor-version":[{"id":865,"href":"https:\/\/ninalaguerrera.org\/fr\/wp-json\/wp\/v2\/pages\/698\/revisions\/865"}],"wp:attachment":[{"href":"https:\/\/ninalaguerrera.org\/fr\/wp-json\/wp\/v2\/media?parent=698"}],"curies":[{"name":"wp","href":"https:\/\/api.w.org\/{rel}","templated":true}]}}