{"id":777,"date":"2018-08-31T15:21:31","date_gmt":"2018-08-31T13:21:31","guid":{"rendered":"https:\/\/ninalaguerrera.org\/?page_id=777"},"modified":"2018-08-31T15:21:31","modified_gmt":"2018-08-31T13:21:31","slug":"controle-et-traitement","status":"publish","type":"page","link":"https:\/\/ninalaguerrera.org\/fr\/controle-et-traitement\/","title":{"rendered":"Contr\u00f4le et traitement"},"content":{"rendered":"<p><span style=\"font-weight: 400;\">Avant de commencer l&rsquo;explication, je voudrais remercier mon ange gardien: la Docteure Nerea, coordinatrice m\u00e9dical de l&rsquo;Association Espagnole des Glycog\u00e9noses (AEEG) et Glucolatino en Espagne. Depuis le premier jour, elle nous soutient et nous conseille tr\u00e8s bien depuis Barcelone et c&rsquo;est incroyable et admirable le travail qu&rsquo;il fait\u00a0pour tous les patients avec glycog\u00e9nose. Nous ne savons pas ce que nous aurions fait sans elle. De plus, le soutien des parents de nombreuses familles affect\u00e9es avec lesquelles nous avons \u00e9t\u00e9 en contact a \u00e9galement \u00e9t\u00e9 tr\u00e8s important. Ils nous ont donn\u00e9 de tr\u00e8s bons conseils. Cela dit, nous passons maintenant aux choses s\u00e9ri\u00e9uses\u2026\u2026<\/span><\/p>\n<h2>L&rsquo;hypoglyc\u00e9mie<\/h2>\n<p><span style=\"font-weight: 400;\">L&rsquo;une des meilleures fa\u00e7ons de contr\u00f4ler la taux de glucose dans le sang et par un contr\u00f4le tr\u00e8s strict et un r\u00e9gime alimentaire fr\u00e9quent et ad\u00e9quat qui me donnera un apport constant en glucose.<\/span><\/p>\n<p><span style=\"font-weight: 400;\">Pour contr\u00f4ler la glucose, il faut me piquer le doigt pour obtenir une goutte de sang. Celle-ci est recueillie \u00e0 l&rsquo;aide d&rsquo;une bandelette sp\u00e9ciale qui est reli\u00e9e \u00e0 un appareil qui nous indique le niveau de glucose qui devrait se situer entre 70 et 100 mg\/dl. <\/span><\/p>\n<p><span style=\"font-weight: 400;\">Pour me donner la nourriture n\u00e9cessaire, en ce moment, comme je suis si jeune, je suis aliment\u00e9e par une sonde naso-gastrique par o\u00f9 on me donne du lait de soja avec des c\u00e9r\u00e9ales sans gluten\u00a0pendant la journ\u00e9e et du serum glucose pendant la nuit. Toutes les deux heures, on mesure mon taux de glyc\u00e9mie et, si n\u00e9cessaire, on fait certains ajustements.<\/span><\/p>\n<p><span style=\"font-weight: 400;\">Au d\u00e9but, j&rsquo;ai commenc\u00e9 avec de tr\u00e8s petits biberons de 60 ml qui m&rsquo;ont \u00e9t\u00e9 ins\u00e9r\u00e9s par la sonde en deux heures. Apr\u00e8s cela, je faisais une pause d&rsquo;une demi-heure, sans nourriture, pour voir combien de temps je pouvais maintenir mon taux de glucose. Apr\u00e8s deux mois \u00e0 l&rsquo;h\u00f4pital, avec l&rsquo;aide de ma famille, j&rsquo;ai r\u00e9ussi \u00e0 tol\u00e9rer des biberons plus grands, \u00e0 les boire plus vite et \u00e0 prendre des pauses plus longues&#8230;. parfois j&rsquo;ai presque atteint deux heures&#8230;. Je suis une championne!<\/span><\/p>\n<p><span style=\"font-weight: 400;\">D&rsquo;autre part, il peut parfois y avoir des baisses de glucose tr\u00e8s prononc\u00e9es et rapides et cela peut arriver pour de nombreuses raisons. C&rsquo;est peut-\u00eatre parce qu&rsquo;un jour mes hormones sont tr\u00e8s actives, parce que j&rsquo;ai beaucoup jou\u00e9 et ri, parce que j&rsquo;\u00e9tais malade, parce que j&rsquo;ai eu froid ou chaud, parce que j&rsquo;ai fait un cauchemar ou un tr\u00e8s beau r\u00eave, parce que j&rsquo;ai vomi&#8230;etc.<\/span><\/p>\n<p><span style=\"font-weight: 400;\">Normalement, nous parvenons \u00e0 maintenir notre taux de glucose stable, mais\u00a0on peut\u00a0jamais se d\u00e9concentrer parce qu&rsquo;il peut y avoir des baisses tr\u00e8s soudaines et impr\u00e9visibles. Parfois, lorsque je fais de l&rsquo;hypoglyc\u00e9mie, je me sens un peu plus irritable, fatigu\u00e9, endormi ou je transpire plus. Quand cela arrive, on mesure toujours mon glucose pour s&rsquo;en assurer. D&rsquo;autres fois, je peux \u00eatre en hypoglyc\u00e9mie sans aucun de ces sympt\u00f4mes et sans que personne ne s&rsquo;en aper\u00e7oive, je peux m\u00eame \u00eatre en train de jouer, alors il faut toujours faire ces mesures toutes les deux heures. Lorsque je serai un peu plus \u00e2g\u00e9, je pourrai peut-\u00eatre mesurer mon glucose \u00ab\u00a0seulement\u00a0\u00bb toutes les trois \u00e0 quatre heures, selon l&rsquo;\u00e9volution de mon corps.<\/span><\/p>\n<p><span style=\"font-weight: 400;\">Vous vous demandez peut-\u00eatre comment un b\u00e9b\u00e9 ou une personne doit manger toutes les deux heures pour survivre. Eh bien, c&rsquo;est le cas pour les patients de glycog\u00e9nose depuis longtemps. Heureusement, l&rsquo;utilisation de la f\u00e9cle de ma\u00efs pour cette maladie a \u00e9t\u00e9 d\u00e9couverte il y a quelques d\u00e9cennies.<\/span><\/p>\n<p><span style=\"font-weight: 400;\">La f\u00e9cule de ma\u00efs, \u00e9tant lentement digestible et absorb\u00e9e, rend mon corps capable de tenir plus longtemps avec des niveaux de glucose stables. Je suis encore trop jeune pour en prendre autant que n\u00e9cessaire, mais j&rsquo;ai d\u00e9j\u00e0 commenc\u00e9 \u00e0 l&rsquo;essayer petit \u00e0 petit. Au d\u00e9but, il est normal d&rsquo;avoir des probl\u00e8mes digestifs parce qu&rsquo;il est difficile pour un b\u00e9b\u00e9 de tol\u00e9rer la f\u00e9cule de ma\u00efs, mais l&rsquo;effort vaut la peine.<\/span><\/p>\n<p><span style=\"font-weight: 400;\">M\u00eame si la f\u00e9cule de ma\u00efs fonctionne bien, je devrai suivre un r\u00e9gime tr\u00e8s strict toute ma vie et il y aura beaucoup de choses que je ne pourrai pas manger. C&rsquo;est pourquoi je devrai toujours prendre des multivitamines, des probiotiques et d&rsquo;autres substances pour m&rsquo;aider \u00e0 compenser les carences de mon alimentation..<\/span><\/p>\n<h2>La neutrop\u00e9nie<\/h2>\n<p><span style=\"font-weight: 400;\">Le traitement de la neutrop\u00e9nie est plus simple, mais aussi un peu d\u00e9licat : j&rsquo;ai une piq\u00fbre quotidienne de quelque chose appel\u00e9 Neupogen (Fligrastim). On doit le conserver dans le r\u00e9frig\u00e9rateur, donc quand on le sorte, il\u00a0est tr\u00e8s froid et \u00e7a fait mal quand on me pique. Cependant, nous avons d\u00e9couvert que nous pouvons le sortir du r\u00e9frig\u00e9rateur et attendre un peu pour qu&rsquo;il refroidisse sans r\u00e9duire son effet. Entre cela et le fait que je suis une femme\u00a0courageuse, il m&rsquo;arrive de me faire piquer et de ne pas me plaindre. <\/span><\/p>\n<p><span style=\"font-weight: 400;\">Dans tous les cas, ce que fait le Neupogen, c&rsquo;est qu&rsquo;il stimule la cr\u00e9ation de d\u00e9fenses, les neutrophiles. Ma ration quotidienne me permet d&rsquo;avoir les niveaux un peu plus \u00e9lev\u00e9s et donc d&rsquo;\u00eatre mieux prot\u00e9g\u00e9. Je n&rsquo;ai jamais les niveaux des b\u00e9b\u00e9s normaux, mais au moins c&rsquo;est mieux que d&rsquo;avoir des niveaux tr\u00e8s bas. De plus, je dois calculer le montant qu&rsquo;on me donne parce que si je re\u00e7ois plus que ce que je devrais, pendant une longue p\u00e9riode, je risque d&rsquo;attraper une leuc\u00e9mie. <\/span><\/p>\n<h2>Inflammations intestinales<\/h2>\n<p><span style=\"font-weight: 400;\">Malheureusement, m\u00eame avec le neupog\u00e8ne, j&rsquo;ai parfois quelques probl\u00e8mes, surtout li\u00e9s \u00e0 mon ventre ou \u00e0 mes intestins. Je peux attraper une gastro-ent\u00e9rite qui cause la diarrh\u00e9e ou des vomissements et \u00e7a c&rsquo;est un vrai probl\u00e8me parce qu&rsquo;en plus d&rsquo;\u00eatre mal nourris, le glucose est tr\u00e8s d\u00e9stabilis\u00e9 et nous devons \u00eatre tr\u00e8s prudents. J&rsquo;ai d\u00e9j\u00e0 d\u00fb aller \u00e0 l&rsquo;urgence plus d&rsquo;une fois lorsque ces \u00e9pisodes se sont produits. L&rsquo;objectif est toujours d&rsquo;obtenir une voie intraveineuse et d&rsquo;introduire\u00a0la glucose\u00a0directement dans\u00a0le sang. Malheureusement, parfois, cela n&rsquo;a pas \u00e9t\u00e9 possible dans certains h\u00f4pitaux et il y a eu un risque de mort.<\/span><\/p>\n<p><span style=\"font-weight: 400;\">En dehors de tout cela, ayant de faibles d\u00e9fenses, je peux attraper n&rsquo;importe quelle autre maladie, comme n&rsquo;importe quel autre b\u00e9b\u00e9 et puis il faut \u00eatre tr\u00e8s prudent avec les m\u00e9dicaments ou antibiotiques qu&rsquo;on me donne\u00a0parce que certains nous sont interdits. <\/span><\/p>\n","protected":false},"excerpt":{"rendered":"<p>Avant de commencer l&rsquo;explication, je voudrais remercier mon ange gardien: la Docteure Nerea, coordinatrice m\u00e9dical de l&rsquo;Association Espagnole des Glycog\u00e9noses (AEEG) et Glucolatino en Espagne. Depuis le premier jour, elle nous soutient et nous conseille tr\u00e8s bien depuis Barcelone et c&rsquo;est incroyable et admirable le travail qu&rsquo;il fait\u00a0pour tous les patients avec glycog\u00e9nose. Nous ne [&hellip;]<\/p>\n","protected":false},"author":1,"featured_media":0,"parent":0,"menu_order":3,"comment_status":"closed","ping_status":"closed","template":"","meta":{"jetpack_post_was_ever_published":false,"footnotes":""},"class_list":["post-777","page","type-page","status-publish","hentry"],"jetpack_sharing_enabled":true,"jetpack_shortlink":"https:\/\/wp.me\/Pa1s8Y-cx","_links":{"self":[{"href":"https:\/\/ninalaguerrera.org\/fr\/wp-json\/wp\/v2\/pages\/777","targetHints":{"allow":["GET"]}}],"collection":[{"href":"https:\/\/ninalaguerrera.org\/fr\/wp-json\/wp\/v2\/pages"}],"about":[{"href":"https:\/\/ninalaguerrera.org\/fr\/wp-json\/wp\/v2\/types\/page"}],"author":[{"embeddable":true,"href":"https:\/\/ninalaguerrera.org\/fr\/wp-json\/wp\/v2\/users\/1"}],"replies":[{"embeddable":true,"href":"https:\/\/ninalaguerrera.org\/fr\/wp-json\/wp\/v2\/comments?post=777"}],"version-history":[{"count":5,"href":"https:\/\/ninalaguerrera.org\/fr\/wp-json\/wp\/v2\/pages\/777\/revisions"}],"predecessor-version":[{"id":867,"href":"https:\/\/ninalaguerrera.org\/fr\/wp-json\/wp\/v2\/pages\/777\/revisions\/867"}],"wp:attachment":[{"href":"https:\/\/ninalaguerrera.org\/fr\/wp-json\/wp\/v2\/media?parent=777"}],"curies":[{"name":"wp","href":"https:\/\/api.w.org\/{rel}","templated":true}]}}