{"id":780,"date":"2018-08-31T15:21:54","date_gmt":"2018-08-31T13:21:54","guid":{"rendered":"https:\/\/ninalaguerrera.org\/?page_id=780"},"modified":"2018-08-31T15:21:54","modified_gmt":"2018-08-31T13:21:54","slug":"la-recherche-et-les-therapies","status":"publish","type":"page","link":"https:\/\/ninalaguerrera.org\/fr\/la-recherche-et-les-therapies\/","title":{"rendered":"La recherche et les th\u00e9rapies"},"content":{"rendered":"<p style=\"text-align: justify;\"><span style=\"font-weight: 400;\">Dans cette section, je voudrais aussi commencer par remercier un seigneur que je ne connais pas encore mais que j&rsquo;admire beaucoup. Il s&rsquo;appelle Dr. Weinstein (je l&rsquo;appelle Dr. W, vous pouvez le voir dans la vid\u00e9o ci-dessous) et il est l&rsquo;expert mondial en la mati\u00e8re. Il travaille maintenant \u00e0 l&rsquo;Universit\u00e9 et au Children&rsquo;s Hospital du Connecticut aux \u00c9tats-Unis. La Docteure Nerea a travaill\u00e9 avec lui et ils sont en contact fr\u00e9quent.<\/span><\/p>\n<p style=\"text-align: justify;\"><span style=\"font-weight: 400;\">Le Dr .W. \u00e9tudie la glycog\u00e9nose depuis des ann\u00e9es. Il a fait de nombreuses avanc\u00e9es et a re\u00e7u de nombreux prix et reconnaissances pour cela. Malheureusement, comme il s&rsquo;agit d&rsquo;une maladie rare qui n&rsquo;a pas un grand nombre de patients, les entreprises ou les laboratoires qui font de la recherche ne sont pas tr\u00e8s int\u00e9ress\u00e9s parce que cela ne serait pas tr\u00e8s rentable pour eux. C&rsquo;est pourquoi ils sont besoin de beaucoup de soutien et de financement pour la recherche, surtout pour mon type de glycog\u00e8ne, 1b, qui est encore plus rare que les autres. <\/span><\/p>\n<p style=\"text-align: justify;\"><span style=\"font-weight: 400;\">L&rsquo;un des principaux axes de recherche est la \u00ab\u00a0th\u00e9rapie g\u00e9nique\u00a0\u00bb qui, dans mon cas, serait la th\u00e9rapie g\u00e9nique somatique <\/span><i><span style=\"font-weight: 400;\">in vivo <\/span><\/i><span style=\"font-weight: 400;\">pour le traitement du probl\u00e8me du glucose et <\/span><i><span style=\"font-weight: 400;\">ex vivo <\/span><\/i><span style=\"font-weight: 400;\">pour le traitement de la neutrop\u00e9nie.<\/span><\/p>\n<p style=\"text-align: justify;\"><span style=\"font-weight: 400;\">Ne vous inqui\u00e8tez pas, je vous racconte tout \u00e7a avec des mots de b\u00e9b\u00e9. \ud83d\ude42 <\/span><\/p>\n<p style=\"text-align: justify;\"><span style=\"font-weight: 400;\">Comme je l&rsquo;ai expliqu\u00e9 plus t\u00f4t, j&rsquo;ai une mutation dans un g\u00e8ne qui fait qu&rsquo;il n&rsquo;envoie pas l&rsquo;information correcte \u00e0 mon foie de sorte que il ne fonctionne pas bien et que le glycog\u00e8ne ne se transforme pas en glucose. L&rsquo;id\u00e9e est d&rsquo;introduire la version correcte de mon g\u00e8ne d\u00e9fectueux dans mon corps.<\/span><\/p>\n<p style=\"text-align: justify;\"><span style=\"font-weight: 400;\">Ce g\u00e8ne est introduit dans un virus dont la charge virale a d\u00e9j\u00e0 \u00e9t\u00e9 retir\u00e9e et le virus p\u00e9n\u00e8tre dans mon foie. Il est fait avec des virus parce qu&rsquo;ils sont de tr\u00e8s bons \u00ab\u00a0v\u00e9hicules\u00a0\u00bb pour porter des g\u00e8nes. Le virus, qui a \u00e9t\u00e9 modifi\u00e9 pour \u00eatre non pathog\u00e8ne, porte le bon g\u00e8ne et \u00ab\u00a0infecte\u00a0\u00bb (au sens positif) les \u00ab\u00a0cellules cibles\u00a0\u00bb qui am\u00e9lioreront le fonctionnement du foie. De cette fa\u00e7on, mon corps sera capable de g\u00e9n\u00e9rer du glucose et je n&rsquo;entrerai pas dans l&rsquo;hypoglyc\u00e9mie.<\/span><\/p>\n<p style=\"text-align: justify;\"><span style=\"font-weight: 400;\">Ce n&rsquo;est pas un rem\u00e8de mais une th\u00e9rapie parce qu&rsquo;elle ne me gu\u00e9rira pas d\u00e9finitivement pour toujours mais fera fonctionner mon corps beaucoup mieux pendant quelques ann\u00e9es. Il faudrait alors faire des \u00ab\u00a0rappels\u00a0\u00bb comme s&rsquo;il s&rsquo;agissait d&rsquo;un vaccin et re-injecter de temps en temps le bon g\u00e8ne. <\/span><\/p>\n<p style=\"text-align: justify;\"><span style=\"font-weight: 400;\">Cette th\u00e9rapie a \u00e9t\u00e9 essay\u00e9e sur des souris et des chiens depuis plusieurs ann\u00e9es. Dans la vid\u00e9o suivante, vous pouvez voir comment ces animaux, qui souffrent de glycog\u00e9nose et donc d&rsquo;hypoglyc\u00e9mie s\u00e9v\u00e8re, sont trait\u00e9s avec les bons g\u00e8nes. Non seulement ils s&rsquo;am\u00e9liorent tr\u00e8s rapidement, mais la th\u00e9rapie les maintient en bonne sant\u00e9 pendant longtemps. La glyc\u00e9mie reste stable \u00e0 de bons niveaux et les accumulations nocives de glycog\u00e8ne dans le foie sont consid\u00e9rablement r\u00e9duites. Dans l&rsquo;ensemble, tous les indicateurs s&rsquo;am\u00e9liorent.<\/span><\/p>\n<div class=\"jetpack-video-wrapper\"><span class=\"embed-youtube\" style=\"text-align:center; display: block;\"><iframe loading=\"lazy\" class=\"youtube-player\" width=\"820\" height=\"462\" src=\"https:\/\/www.youtube.com\/embed\/Dhj_khh-fJY?version=3&#038;rel=1&#038;showsearch=0&#038;showinfo=1&#038;iv_load_policy=1&#038;fs=1&#038;hl=fr-FR&#038;autohide=2&#038;wmode=transparent\" allowfullscreen=\"true\" style=\"border:0;\" sandbox=\"allow-scripts allow-same-origin allow-popups allow-presentation allow-popups-to-escape-sandbox\"><\/iframe><\/span><\/div>\n<p style=\"text-align: justify;\"><span style=\"font-weight: 400;\">Tout cela m&rsquo;aiderait \u00e0 am\u00e9liorer grandement la question de l&rsquo;hypoglyc\u00e9mie et pourrait servir de mod\u00e8le pour gu\u00e9rir de nombreuses autres maladies affectant le foie. En ce moment, ces tests sont en cours pour la glycog\u00e9nose\u00a01a, alors nous esp\u00e9rons que tout se passe bien et peut \u00eatre reproduire le mod\u00e8le\u00a0pour mon type 1b. Cela exigera davantage de recherche pour laquelle il est tr\u00e8s important de trouver du financement.<\/span><\/p>\n<p style=\"text-align: justify;\"><span style=\"font-weight: 400;\">Par contre, dans mon cas, m\u00eame si le probl\u00e8me h\u00e9patique \u00e9tait r\u00e9gl\u00e9, la question de la neutrop\u00e9nie serait toujours en suspens.<\/span><\/p>\n<p style=\"text-align: justify;\"><span style=\"font-weight: 400;\">La m\u00eame technique ne peut pas \u00eatre utilis\u00e9e pour la neutrop\u00e9nie parce que le probl\u00e8me ne se situe pas dans le foie mais dans la moelle osseuse. Le virus utilis\u00e9 pour introduire le bon g\u00e8ne dans le foie ne fonctionne pas de la m\u00eame fa\u00e7on dans la moelle. Dans ce cas, ce qui est fait est d&rsquo;enlever les cellules souches de la moelle osseuse des patients et une fois \u00e0 l&rsquo;ext\u00e9rieur du corps, ils leur font la th\u00e9rapie g\u00e9nique. Certaines cellules sont \u00ab\u00a0corrig\u00e9es\u00a0\u00bb et commencent \u00e0 bien fonctionner, de sorte qu&rsquo;elles se reproduisent jusqu&rsquo;\u00e0 ce que des millions d&rsquo;entre elles soient obtenues et r\u00e9introduites dans la moelle osseuse des patients, ce qui devrait mieux fonctionner et g\u00e9n\u00e9rer un syst\u00e8me immunitaire plus fort et plus stable.<\/span><\/p>\n<p><span style=\"font-weight: 400;\">Les autres axes de recherche ouverts sont les suivants: <\/span><\/p>\n<ul>\n<li style=\"font-weight: 400;\"><span style=\"font-weight: 400;\">Des traitements plus efficaces pour les inflammations intestinales.<\/span><\/li>\n<li style=\"font-weight: 400;\"><span style=\"font-weight: 400;\">Remplacer l&rsquo;injection de neupogen par un produit buvable.<\/span><\/li>\n<li style=\"font-weight: 400;\"><span style=\"font-weight: 400;\">Cr\u00e9ez un glucom\u00e8tre capable de calculer la glyc\u00e9mie sans devoir piquer les doigts pour pr\u00e9lever un \u00e9chantillon de sang.<\/span><\/li>\n<li style=\"font-weight: 400;\"><span style=\"font-weight: 400;\">Obtenez des produits qui sont encore plus efficaces que la f\u00e9cule de ma\u00efs pour maintenir la stabilit\u00e9 du glucose et qui ont des saveurs plus agr\u00e9ables.<\/span><\/li>\n<\/ul>\n<p>&nbsp;<\/p>\n","protected":false},"excerpt":{"rendered":"<p>Dans cette section, je voudrais aussi commencer par remercier un seigneur que je ne connais pas encore mais que j&rsquo;admire beaucoup. Il s&rsquo;appelle Dr. Weinstein (je l&rsquo;appelle Dr. W, vous pouvez le voir dans la vid\u00e9o ci-dessous) et il est l&rsquo;expert mondial en la mati\u00e8re. Il travaille maintenant \u00e0 l&rsquo;Universit\u00e9 et au Children&rsquo;s Hospital du [&hellip;]<\/p>\n","protected":false},"author":1,"featured_media":0,"parent":0,"menu_order":4,"comment_status":"closed","ping_status":"closed","template":"","meta":{"jetpack_post_was_ever_published":false,"footnotes":""},"class_list":["post-780","page","type-page","status-publish","hentry"],"jetpack_sharing_enabled":true,"jetpack_shortlink":"https:\/\/wp.me\/Pa1s8Y-cA","_links":{"self":[{"href":"https:\/\/ninalaguerrera.org\/fr\/wp-json\/wp\/v2\/pages\/780","targetHints":{"allow":["GET"]}}],"collection":[{"href":"https:\/\/ninalaguerrera.org\/fr\/wp-json\/wp\/v2\/pages"}],"about":[{"href":"https:\/\/ninalaguerrera.org\/fr\/wp-json\/wp\/v2\/types\/page"}],"author":[{"embeddable":true,"href":"https:\/\/ninalaguerrera.org\/fr\/wp-json\/wp\/v2\/users\/1"}],"replies":[{"embeddable":true,"href":"https:\/\/ninalaguerrera.org\/fr\/wp-json\/wp\/v2\/comments?post=780"}],"version-history":[{"count":4,"href":"https:\/\/ninalaguerrera.org\/fr\/wp-json\/wp\/v2\/pages\/780\/revisions"}],"predecessor-version":[{"id":868,"href":"https:\/\/ninalaguerrera.org\/fr\/wp-json\/wp\/v2\/pages\/780\/revisions\/868"}],"wp:attachment":[{"href":"https:\/\/ninalaguerrera.org\/fr\/wp-json\/wp\/v2\/media?parent=780"}],"curies":[{"name":"wp","href":"https:\/\/api.w.org\/{rel}","templated":true}]}}