{"id":783,"date":"2018-08-31T15:10:08","date_gmt":"2018-08-31T13:10:08","guid":{"rendered":"https:\/\/ninalaguerrera.org\/?page_id=783"},"modified":"2020-09-23T11:32:57","modified_gmt":"2020-09-23T09:32:57","slug":"dons-et-transparence","status":"publish","type":"page","link":"https:\/\/ninalaguerrera.org\/fr\/dons-et-transparence\/","title":{"rendered":"Dons et transparence"},"content":{"rendered":"<p style=\"text-align: justify;\"><span style=\"font-weight: 400;\">Comme j&rsquo;ai d\u00e9j\u00e0 mentionn\u00e9 dans les sections pr\u00e9c\u00e9dentes, puisque la glycog\u00e9nose est une maladie rare, il n&rsquo;y a pas beaucoup de financement pour la recherche et il est urgent de continuer \u00e0 faire des progr\u00e8s.<\/span><\/p>\n<p style=\"text-align: justify;\"><span style=\"font-weight: 400;\">Pour tout cela, nous aimerions vous demander votre soutien, si possible, en faisant un don et en envoyant ce site web \u00e0 vos contacts afin que, ensemble, nous puissions mieux faire conna\u00eetre la maladie et disposer de plus de ressources.<\/span><\/p>\n<p style=\"text-align: justify;\"><span style=\"font-weight: 400;\">Tout ce qui est obtenu sera utilis\u00e9 pour la recherche sur la glycog\u00e9nose de type\u00a01b par l&rsquo;\u00e9quipe du Dr. Weinstein \u00e0 l&rsquo;Universit\u00e9 du Connecticut, dont vous trouverez plus d&rsquo;informations sur le lien suivant: <a href=\"https:\/\/health.uconn.edu\/dept-pediatrics\/pediatric-research\/david-weinstein-md-msc\/glycogen-storage-disease-program\/\" target=\"_blank\" rel=\"noopener\">D\u00e9partement de sant\u00e9 de l&rsquo;Universit\u00e9 du Connecticut &#8211; Recherche<\/a> <\/span><\/p>\n<p style=\"text-align: justify;\"><span style=\"font-weight: 400;\">Je vous laisse ici diff\u00e9rentes fa\u00e7ons de faire le don afin de faciliter le processus. Tout d&rsquo;abord, voici le lien vers le Fonds Nina Contreras D&rsquo;Agosto de la recherche sur la glycog\u00e9nose de type 1b cr\u00e9e par l&rsquo;Universit\u00e9 de Connecticut: <a href=\"https:\/\/app.mobilecause.com\/form\/UzbTYQ?vid=bvm3z\" target=\"_blank\" rel=\"noopener\">Faire un don au fonds Nina Contreras D&rsquo;agosto de la recherche sur la glycog\u00e9nose de type 1b \u00e1 l&rsquo;Universit\u00e9 de Connecticut<\/a><\/span><\/p>\n<p style=\"text-align: justify;\"><span style=\"font-weight: 400;\">Sur cette page, vous pouvez faire un don par carte de cr\u00e9dit et les fonds vont directement \u00e0 l&rsquo;Universit\u00e9. La page d&rsquo;accueil est en francais, r\u00e9sumant mon histoire, et en haut \u00e0 droite vous trouverez le bouton pour faire un don. Dans le processus de don, vous verrez certaines choses en anglais, mais c&rsquo;est tr\u00e8s intuitif et si vous avez des questions, vous pouvez m&rsquo;\u00e9crire ou choisir l&rsquo;une des alternatives suivantes pour faire le don.<\/span><\/p>\n<p style=\"text-align: justify;\"><span style=\"font-weight: 400;\">Si vous pr\u00e9f\u00e9rez faire un don avec Paypal,\u00a0 en fran\u00e7ais, par le bouton \u00ab\u00a0Faire un don\u00a0\u00bb vous pouvez le faire avec une carte de cr\u00e9dit ou de d\u00e9bit ou avec un compte PayPal qui charge une commission de 3,4% + 0,35 euros par don (si vous donnez 100 \u20ac Paypal charge 3,75\u20ac donc le don recu est 96,25\u20ac): <\/span><\/p>\n<p>&nbsp;<\/p>\n<form action=\"https:\/\/www.paypal.com\/cgi-bin\/webscr\" method=\"post\" target=\"_top\"><input name=\"cmd\" type=\"hidden\" value=\"_s-xclick\" \/><br \/>\n<input name=\"hosted_button_id\" type=\"hidden\" value=\"DPQEFA25WMHTC\" \/><br \/>\n<input alt=\"PayPal, le r\u00e9flexe s\u00e9curit\u00e9 pour payer en ligne\" name=\"submit\" src=\"https:\/\/www.paypalobjects.com\/fr_FR\/FR\/i\/btn\/btn_donateCC_LG.gif\" type=\"image\" \/><br \/>\n<img loading=\"lazy\" decoding=\"async\" src=\"https:\/\/www.paypalobjects.com\/es_ES\/i\/scr\/pixel.gif\" alt=\"\" width=\"1\" height=\"1\" border=\"0\" \/><\/form>\n<p>&nbsp;<\/p>\n<p><span style=\"font-weight: 400;\">Si vous le souhaitez, vous pouvez \u00e9galement effectuer un virement bancaire sur le compte suivant. Dans le motif du transfert, vous pouvez mentionner RECHERCHE: <\/span><\/p>\n<ul>\n<li><span style=\"font-weight: 400;\"><strong>IBAN<\/strong>: ES22 1465 0380 45 1728079845<\/span><\/li>\n<li><span style=\"font-weight: 400;\"><strong>N\u00famero de cuenta<\/strong>: 1465 0380 45 1728079845<\/span><\/li>\n<li><span style=\"font-weight: 400;\"><strong>C\u00f3digo BIC<\/strong>: INGDESMMXXX<\/span><\/li>\n<li><span style=\"font-weight: 400;\"><strong>Titulaire du compte<\/strong>: Enrique Landelino Contreras Pulido \u00a0<strong>Cotitulaire<\/strong>: Marta D\u2019Agosto<\/span><\/li>\n<\/ul>\n<p style=\"text-align: justify;\">Quelle que soit l&rsquo;option que vous choisissez, les fonds iront enti\u00e8rement \u00e0 la recherche. De temps \u00e0 autre, nous publierons sur cette page des d\u00e9tails sur le montant du financement re\u00e7u. Nous veillerons \u00e0 ce que vous sachiez comment votre don a \u00e9t\u00e9 trait\u00e9 en toute transparence.<\/p>\n<p><span style=\"font-weight: 400;\">Un grand merci du fond du c\u0153ur.<\/span><\/p>\n<p>Un Ninac\u00e2lin.<\/p>\n","protected":false},"excerpt":{"rendered":"<p>Comme j&rsquo;ai d\u00e9j\u00e0 mentionn\u00e9 dans les sections pr\u00e9c\u00e9dentes, puisque la glycog\u00e9nose est une maladie rare, il n&rsquo;y a pas beaucoup de financement pour la recherche et il est urgent de continuer \u00e0 faire des progr\u00e8s. Pour tout cela, nous aimerions vous demander votre soutien, si possible, en faisant un don et en envoyant ce site [&hellip;]<\/p>\n","protected":false},"author":1,"featured_media":0,"parent":0,"menu_order":5,"comment_status":"closed","ping_status":"closed","template":"","meta":{"jetpack_post_was_ever_published":false,"footnotes":""},"class_list":["post-783","page","type-page","status-publish","hentry"],"jetpack_sharing_enabled":true,"jetpack_shortlink":"https:\/\/wp.me\/Pa1s8Y-cD","_links":{"self":[{"href":"https:\/\/ninalaguerrera.org\/fr\/wp-json\/wp\/v2\/pages\/783","targetHints":{"allow":["GET"]}}],"collection":[{"href":"https:\/\/ninalaguerrera.org\/fr\/wp-json\/wp\/v2\/pages"}],"about":[{"href":"https:\/\/ninalaguerrera.org\/fr\/wp-json\/wp\/v2\/types\/page"}],"author":[{"embeddable":true,"href":"https:\/\/ninalaguerrera.org\/fr\/wp-json\/wp\/v2\/users\/1"}],"replies":[{"embeddable":true,"href":"https:\/\/ninalaguerrera.org\/fr\/wp-json\/wp\/v2\/comments?post=783"}],"version-history":[{"count":14,"href":"https:\/\/ninalaguerrera.org\/fr\/wp-json\/wp\/v2\/pages\/783\/revisions"}],"predecessor-version":[{"id":1875,"href":"https:\/\/ninalaguerrera.org\/fr\/wp-json\/wp\/v2\/pages\/783\/revisions\/1875"}],"wp:attachment":[{"href":"https:\/\/ninalaguerrera.org\/fr\/wp-json\/wp\/v2\/media?parent=783"}],"curies":[{"name":"wp","href":"https:\/\/api.w.org\/{rel}","templated":true}]}}